{"id":2463,"date":"2025-04-17T05:09:40","date_gmt":"2025-04-17T05:09:40","guid":{"rendered":"https:\/\/ecoahart.com\/?page_id=2463"},"modified":"2025-05-03T13:46:31","modified_gmt":"2025-05-03T13:46:31","slug":"nossos-servicos","status":"publish","type":"page","link":"https:\/\/ecoahart.com\/en\/nossos-servicos\/","title":{"rendered":"Our services"},"content":{"rendered":"\t\t<div data-elementor-type=\"wp-page\" data-elementor-id=\"2463\" class=\"elementor elementor-2463\">\n\t\t\t\t<div class=\"elementor-element elementor-element-ade7b4e e-con-full e-flex e-con e-parent\" data-id=\"ade7b4e\" data-element_type=\"container\" data-e-type=\"container\">\n\t\t\t\t<div class=\"elementor-element elementor-element-0f4fc16 elementor-hidden-tablet elementor-hidden-mobile elementor-widget elementor-widget-video\" data-id=\"0f4fc16\" data-element_type=\"widget\" data-e-type=\"widget\" data-settings=\"{&quot;video_type&quot;:&quot;hosted&quot;,&quot;autoplay&quot;:&quot;yes&quot;,&quot;play_on_mobile&quot;:&quot;yes&quot;,&quot;mute&quot;:&quot;yes&quot;,&quot;controls&quot;:&quot;yes&quot;}\" data-widget_type=\"video.default\">\n\t\t\t\t<div class=\"elementor-widget-container\">\n\t\t\t\t\t\t\t<div class=\"e-hosted-video elementor-wrapper elementor-open-inline\">\n\t\t\t\t\t<video class=\"elementor-video\" src=\"https:\/\/ecoahart.com\/wp-content\/uploads\/2025\/04\/Demoreel-Ecoah-2025-1.mp4\" autoplay=\"\" controls=\"\" muted=\"muted\" playsinline=\"\" controlsList=\"nodownload\"><\/video>\n\t\t\t\t<\/div>\n\t\t\t\t\t\t<\/div>\n\t\t\t\t<\/div>\n\t\t\t\t<\/div>\n\t\t<div class=\"elementor-element elementor-element-ee289ed e-con-full e-flex e-con e-parent\" data-id=\"ee289ed\" data-element_type=\"container\" data-e-type=\"container\">\n\t\t\t\t<div class=\"elementor-element elementor-element-d9d660f elementor-hidden-desktop elementor-widget elementor-widget-video\" data-id=\"d9d660f\" data-element_type=\"widget\" data-e-type=\"widget\" data-settings=\"{&quot;video_type&quot;:&quot;hosted&quot;,&quot;autoplay&quot;:&quot;yes&quot;,&quot;play_on_mobile&quot;:&quot;yes&quot;,&quot;mute&quot;:&quot;yes&quot;,&quot;controls&quot;:&quot;yes&quot;}\" data-widget_type=\"video.default\">\n\t\t\t\t<div class=\"elementor-widget-container\">\n\t\t\t\t\t\t\t<div class=\"e-hosted-video elementor-wrapper elementor-open-inline\">\n\t\t\t\t\t<video class=\"elementor-video\" src=\"https:\/\/ecoahart.com\/wp-content\/uploads\/2025\/04\/Demoreel-Ecoah-2025-1.mp4\" autoplay=\"\" controls=\"\" muted=\"muted\" playsinline=\"\" controlsList=\"nodownload\"><\/video>\n\t\t\t\t<\/div>\n\t\t\t\t\t\t<\/div>\n\t\t\t\t<\/div>\n\t\t\t\t<\/div>\n\t\t<div class=\"elementor-element elementor-element-d4898ba e-con-full e-flex e-con e-parent\" data-id=\"d4898ba\" data-element_type=\"container\" data-e-type=\"container\" id=\"ecoah\" data-settings=\"{&quot;background_background&quot;:&quot;classic&quot;}\">\n\t\t\t\t<div class=\"elementor-element elementor-element-73ec2b8 elementor-widget elementor-widget-text-editor\" data-id=\"73ec2b8\" data-element_type=\"widget\" data-e-type=\"widget\" data-widget_type=\"text-editor.default\">\n\t\t\t\t<div class=\"elementor-widget-container\">\n\t\t\t\t\t\t\t\t\t<h3><span style=\"color: #ffffff;\">NOSSOS SERVI\u00c7OS<\/span><\/h3><p>\u00a0<\/p><p><span style=\"color: #ffffff;\"><strong>Produ\u00e7\u00e3o de V\u00eddeo Institucional<br \/><\/strong>Contamos hist\u00f3rias que representam marcas, empresas e ideias com qualidade cinematogr\u00e1fica.<\/span><\/p><p><span style=\"color: #ffffff;\"><strong>Conte\u00fado para Redes Sociais<br \/><\/strong>V\u00eddeos verticais otimizados para Instagram, TikTok e YouTube Shorts \u2014 r\u00e1pidos, din\u00e2micos e com linguagem atual.<\/span><\/p><p><span style=\"color: #ffffff;\"><strong>V\u00eddeos Publicit\u00e1rios e Comerciais<br \/><\/strong>Cria\u00e7\u00e3o de pe\u00e7as promocionais para campanhas online, TV ou m\u00eddia out-of-home.<\/span><\/p><p><span style=\"color: #ffffff;\"><strong>Cobertura de Eventos<br \/><\/strong>Registo audiovisual de eventos corporativos, lan\u00e7amentos, shows ou ativa\u00e7\u00f5es de marca.<\/span><\/p><p><span style=\"color: #ffffff;\"><strong>Document\u00e1rios e MiniDocs<br \/><\/strong>Narrativas imersivas para contar hist\u00f3rias reais com profundidade e emo\u00e7\u00e3o.<\/span><\/p><p><span style=\"color: #ffffff;\"><strong>Motion Graphics &amp; Anima\u00e7\u00f5es<br \/><\/strong>Anima\u00e7\u00f5es gr\u00e1ficas para v\u00eddeos explicativos, aberturas e refor\u00e7o visual.<\/span><\/p><p><span style=\"color: #ffffff;\"><strong>P\u00f3s-produ\u00e7\u00e3o e Edi\u00e7\u00e3o<br \/><\/strong>Montagem, color grading, trilhas e finaliza\u00e7\u00e3o com padr\u00e3o profissional.<\/span><\/p><p><span style=\"color: #ffffff;\"><strong>Roteiriza\u00e7\u00e3o &amp; Dire\u00e7\u00e3o Criativa<br \/><\/strong>Desenvolvimento de roteiros e conceito criativo alinhado com o prop\u00f3sito da marca.<\/span><\/p>\t\t\t\t\t\t\t\t<\/div>\n\t\t\t\t<\/div>\n\t\t\t\t<\/div>\n\t\t\t\t<section class=\"elementor-section elementor-top-section elementor-element elementor-element-8772c22 elementor-section-full_width elementor-section-height-default elementor-section-height-default\" data-id=\"8772c22\" data-element_type=\"section\" data-e-type=\"section\" data-settings=\"{&quot;background_background&quot;:&quot;classic&quot;}\">\n\t\t\t\t\t\t\t<div class=\"elementor-background-overlay\"><\/div>\n\t\t\t\t\t\t\t<div class=\"elementor-container elementor-column-gap-no\">\n\t\t\t\t\t<div class=\"elementor-column elementor-col-100 elementor-top-column elementor-element elementor-element-b921993\" data-id=\"b921993\" data-element_type=\"column\" data-e-type=\"column\" data-settings=\"{&quot;background_background&quot;:&quot;classic&quot;}\">\n\t\t\t<div class=\"elementor-widget-wrap elementor-element-populated\">\n\t\t\t\t\t\t<div class=\"elementor-element elementor-element-1784d34 elementor-widget elementor-widget-spacer\" data-id=\"1784d34\" data-element_type=\"widget\" data-e-type=\"widget\" data-widget_type=\"spacer.default\">\n\t\t\t\t<div class=\"elementor-widget-container\">\n\t\t\t\t\t\t\t<div class=\"elementor-spacer\">\n\t\t\t<div class=\"elementor-spacer-inner\"><\/div>\n\t\t<\/div>\n\t\t\t\t\t\t<\/div>\n\t\t\t\t<\/div>\n\t\t\t\t<div class=\"elementor-element elementor-element-c3a24bb elementor-widget elementor-widget-text-editor\" data-id=\"c3a24bb\" data-element_type=\"widget\" data-e-type=\"widget\" data-widget_type=\"text-editor.default\">\n\t\t\t\t<div class=\"elementor-widget-container\">\n\t\t\t\t\t\t\t\t\t<h4><span style=\"color: #ffffff;\"><strong>Ficou alguma d\u00favida?<br \/>Entre em contato com a Ecoah!<\/strong><\/span><\/h4>\t\t\t\t\t\t\t\t<\/div>\n\t\t\t\t<\/div>\n\t\t\t\t<div class=\"elementor-element elementor-element-0a583e5 elementor-widget elementor-widget-wpforms\" data-id=\"0a583e5\" data-element_type=\"widget\" data-e-type=\"widget\" data-widget_type=\"wpforms.default\">\n\t\t\t\t<div class=\"elementor-widget-container\">\n\t\t\t\t\t<style id=\"wpforms-css-vars-elementor-widget-0a583e5\">\n\t\t\t\t.elementor-widget-wpforms.elementor-element-0a583e5 {\n\t\t\t\t--wpforms-label-color: #FFFFFFD9;\n--wpforms-label-sublabel-color: #FFFFFF8C;\n--wpforms-button-background-color: #FFFFFF;\n--wpforms-button-text-color: #000000;\n\t\t\t}\n\t\t\t<\/style><div class=\"wpforms-container wpforms-container-full wpforms-render-modern\" id=\"wpforms-2237\"><form id=\"wpforms-form-2237\" class=\"wpforms-validate wpforms-form wpforms-ajax-form\" data-formid=\"2237\" method=\"post\" enctype=\"multipart\/form-data\" action=\"\/en\/wp-json\/wp\/v2\/pages\/2463\" data-token=\"3ba656eba573c91ef69d49a0f7473578\" data-token-time=\"1776432194\"><noscript class=\"wpforms-error-noscript\">Please enable JavaScript in your browser to complete this form.<\/noscript><div id=\"wpforms-error-noscript\" style=\"display: none;\">Please enable JavaScript in your browser to complete this form.<\/div><div class=\"wpforms-field-container\"><div id=\"wpforms-2237-field_1-container\" class=\"wpforms-field wpforms-field-name\" data-field-id=\"1\"><label class=\"wpforms-field-label\" for=\"wpforms-2237-field_1\">Nome <span class=\"wpforms-required-label\" aria-hidden=\"true\">*<\/span><\/label><input type=\"text\" id=\"wpforms-2237-field_1\" class=\"wpforms-field-medium wpforms-field-required\" name=\"wpforms[fields][1]\" aria-errormessage=\"wpforms-2237-field_1-error\" required><\/div>\t\t<div id=\"wpforms-2237-field_5-container\"\n\t\t\tclass=\"wpforms-field wpforms-field-text\"\n\t\t\tdata-field-type=\"text\"\n\t\t\tdata-field-id=\"5\"\n\t\t\t>\n\t\t\t<label class=\"wpforms-field-label\" for=\"wpforms-2237-field_5\" >ou Mensagem Coment\u00e1rio<\/label>\n\t\t\t<input type=\"text\" id=\"wpforms-2237-field_5\" class=\"wpforms-field-medium\" name=\"wpforms[fields][5]\" >\n\t\t<\/div>\n\t\t<div id=\"wpforms-2237-field_4-container\" class=\"wpforms-field wpforms-field-number\" data-field-id=\"4\"><label class=\"wpforms-field-label\" for=\"wpforms-2237-field_4\">Whatsapp <span class=\"wpforms-required-label\" aria-hidden=\"true\">*<\/span><\/label><input type=\"number\" id=\"wpforms-2237-field_4\" class=\"wpforms-field-medium wpforms-field-required\" name=\"wpforms[fields][4]\" step=\"any\" aria-errormessage=\"wpforms-2237-field_4-error\" required><\/div><div id=\"wpforms-2237-field_2-container\" class=\"wpforms-field wpforms-field-email\" data-field-id=\"2\"><label class=\"wpforms-field-label\" for=\"wpforms-2237-field_2\">E-mail<\/label><input type=\"email\" id=\"wpforms-2237-field_2\" class=\"wpforms-field-medium\" name=\"wpforms[fields][2]\" spellcheck=\"false\" aria-errormessage=\"wpforms-2237-field_2-error\" ><\/div><div id=\"wpforms-2237-field_3-container\" class=\"wpforms-field wpforms-field-textarea\" data-field-id=\"3\"><label class=\"wpforms-field-label\" for=\"wpforms-2237-field_3\">Coment\u00e1rio ou Mensagem <span class=\"wpforms-required-label\" aria-hidden=\"true\">*<\/span><\/label><textarea id=\"wpforms-2237-field_3\" class=\"wpforms-field-medium wpforms-field-required\" name=\"wpforms[fields][3]\" aria-errormessage=\"wpforms-2237-field_3-error\" required><\/textarea><\/div><script>\n\t\t\t\t( function() {\n\t\t\t\t\tconst style = document.createElement( 'style' );\n\t\t\t\t\tstyle.appendChild( document.createTextNode( '#wpforms-2237-field_5-container { position: absolute !important; overflow: hidden !important; display: inline !important; height: 1px !important; width: 1px !important; z-index: -1000 !important; padding: 0 !important; } #wpforms-2237-field_5-container input { visibility: hidden; } #wpforms-conversational-form-page #wpforms-2237-field_5-container label { counter-increment: none; }' ) );\n\t\t\t\t\tdocument.head.appendChild( style );\n\t\t\t\t\tdocument.currentScript?.remove();\n\t\t\t\t} )();\n\t\t\t<\/script><\/div><!-- .wpforms-field-container --><div class=\"wpforms-submit-container\" ><input type=\"hidden\" name=\"wpforms[id]\" value=\"2237\"><input type=\"hidden\" name=\"page_title\" value=\"\"><input type=\"hidden\" name=\"page_url\" value=\"https:\/\/ecoahart.com\/en\/wp-json\/wp\/v2\/pages\/2463\"><input type=\"hidden\" name=\"url_referer\" value=\"\"><button type=\"submit\" name=\"wpforms[submit]\" id=\"wpforms-submit-2237\" class=\"wpforms-submit\" data-alt-text=\"Enviando\u2026\" data-submit-text=\"Enviar\" aria-live=\"assertive\" value=\"wpforms-submit\">Enviar<\/button><img decoding=\"async\" src=\"https:\/\/ecoahart.com\/wp-content\/plugins\/wpforms-lite\/assets\/images\/submit-spin.svg\" class=\"wpforms-submit-spinner\" style=\"display: none;\" width=\"26\" height=\"26\" alt=\"Loading\"><\/div><\/form><\/div>  <!-- .wpforms-container -->\t\t\t\t<\/div>\n\t\t\t\t<\/div>\n\t\t\t\t\t<\/div>\n\t\t<\/div>\n\t\t\t\t\t<\/div>\n\t\t<\/section>\n\t\t\t\t<\/div>\n\t\t","protected":false},"excerpt":{"rendered":"<p>https:\/\/ecoahart.com\/wp-content\/uploads\/2025\/04\/Demoreel-Ecoah-2025-1.mp4https:\/\/ecoahart.com\/wp-content\/uploads\/2025\/04\/Demoreel-Ecoah-2025-1.mp4 NOSSOS SERVI\u00c7OS \u00a0 Produ\u00e7\u00e3o de V\u00eddeo InstitucionalContamos hist\u00f3rias que representam marcas, empresas e ideias com qualidade cinematogr\u00e1fica. Conte\u00fado para Redes SociaisV\u00eddeos verticais otimizados para Instagram, TikTok e YouTube Shorts \u2014 r\u00e1pidos, din\u00e2micos e com linguagem atual. V\u00eddeos Publicit\u00e1rios e ComerciaisCria\u00e7\u00e3o de pe\u00e7as promocionais para campanhas online, TV ou m\u00eddia out-of-home. Cobertura de EventosRegisto audiovisual&#8230;<\/p>","protected":false},"author":1,"featured_media":0,"parent":0,"menu_order":0,"comment_status":"closed","ping_status":"closed","template":"elementor_header_footer","meta":{"_kadence_starter_templates_imported_post":true,"_kad_post_transparent":"","_kad_post_title":"hide","_kad_post_layout":"normal","_kad_post_sidebar_id":"","_kad_post_content_style":"unboxed","_kad_post_vertical_padding":"hide","_kad_post_feature":"hide","_kad_post_feature_position":"","_kad_post_header":false,"_kad_post_footer":false,"_kad_post_classname":"","_joinchat":[],"footnotes":""},"class_list":["post-2463","page","type-page","status-publish","hentry"],"aioseo_notices":[],"_links":{"self":[{"href":"https:\/\/ecoahart.com\/en\/wp-json\/wp\/v2\/pages\/2463","targetHints":{"allow":["GET"]}}],"collection":[{"href":"https:\/\/ecoahart.com\/en\/wp-json\/wp\/v2\/pages"}],"about":[{"href":"https:\/\/ecoahart.com\/en\/wp-json\/wp\/v2\/types\/page"}],"author":[{"embeddable":true,"href":"https:\/\/ecoahart.com\/en\/wp-json\/wp\/v2\/users\/1"}],"replies":[{"embeddable":true,"href":"https:\/\/ecoahart.com\/en\/wp-json\/wp\/v2\/comments?post=2463"}],"version-history":[{"count":7,"href":"https:\/\/ecoahart.com\/en\/wp-json\/wp\/v2\/pages\/2463\/revisions"}],"predecessor-version":[{"id":2490,"href":"https:\/\/ecoahart.com\/en\/wp-json\/wp\/v2\/pages\/2463\/revisions\/2490"}],"wp:attachment":[{"href":"https:\/\/ecoahart.com\/en\/wp-json\/wp\/v2\/media?parent=2463"}],"curies":[{"name":"wp","href":"https:\/\/api.w.org\/{rel}","templated":true}]}}